{"id":173,"date":"2019-09-09T08:10:16","date_gmt":"2019-09-09T06:10:16","guid":{"rendered":"https:\/\/afd.com.pl\/?page_id=173"},"modified":"2019-11-12T11:44:40","modified_gmt":"2019-11-12T10:44:40","slug":"realizacje-prywatne","status":"publish","type":"page","link":"https:\/\/afd.com.pl\/index.php\/realizacje-prywatne\/","title":{"rendered":"Prywatne"},"content":{"rendered":"<p>[vc_row][vc_column][vc_column_text]<\/p>\r\n<p style=\"text-align: center;\">Zapraszamy do obejrzenia kilku wybranych projekt\u00f3w zrealizowanych w ostatnim<br>czasie. Zapraszamy do naszej pracowni aby obejrze\u0107 wiele innych pasjonuj\u0105cych realizacji.<\/p>\r\n<p>[\/vc_column_text][\/vc_column][\/vc_row][vc_row][vc_column width=&#8221;1\/2&#8243;][vc_single_image image=&#8221;199&#8243; img_size=&#8221;large&#8221; add_caption=&#8221;yes&#8221; onclick=&#8221;custom_link&#8221; css_animation=&#8221;left-to-right&#8221; link=&#8221;https:\/\/afd.com.pl\/index.php\/dom-w-brzezinach\/&#8221;][vc_single_image image=&#8221;232&#8243; img_size=&#8221;large&#8221; add_caption=&#8221;yes&#8221; onclick=&#8221;custom_link&#8221; css_animation=&#8221;left-to-right&#8221; link=&#8221;https:\/\/afd.com.pl\/index.php\/dom-w-jasieni\/&#8221;][vc_single_image image=&#8221;246&#8243; img_size=&#8221;large&#8221; add_caption=&#8221;yes&#8221; onclick=&#8221;custom_link&#8221; css_animation=&#8221;left-to-right&#8221; link=&#8221;https:\/\/afd.com.pl\/index.php\/307-2\/&#8221;][vc_single_image image=&#8221;374&#8243; img_size=&#8221;large&#8221; add_caption=&#8221;yes&#8221; onclick=&#8221;custom_link&#8221; css_animation=&#8221;left-to-right&#8221; link=&#8221;https:\/\/afd.com.pl\/index.php\/dom-w-warszawie\/&#8221;][\/vc_column][vc_column width=&#8221;1\/2&#8243;][vc_single_image image=&#8221;222&#8243; img_size=&#8221;large&#8221; add_caption=&#8221;yes&#8221; alignment=&#8221;right&#8221; onclick=&#8221;custom_link&#8221; css_animation=&#8221;right-to-left&#8221; link=&#8221;https:\/\/afd.com.pl\/index.php\/dom-w-bukowcu\/&#8221;][vc_single_image image=&#8221;240&#8243; img_size=&#8221;large&#8221; add_caption=&#8221;yes&#8221; alignment=&#8221;right&#8221; onclick=&#8221;custom_link&#8221; css_animation=&#8221;right-to-left&#8221; link=&#8221;https:\/\/afd.com.pl\/index.php\/dom-w-justynowie\/&#8221;][vc_single_image image=&#8221;260&#8243; img_size=&#8221;large&#8221; add_caption=&#8221;yes&#8221; alignment=&#8221;right&#8221; onclick=&#8221;custom_link&#8221; css_animation=&#8221;right-to-left&#8221; link=&#8221;https:\/\/afd.com.pl\/index.php\/309-2\/&#8221;][vc_single_image image=&#8221;483&#8243; img_size=&#8221;large&#8221; add_caption=&#8221;yes&#8221; alignment=&#8221;right&#8221; onclick=&#8221;custom_link&#8221; css_animation=&#8221;right-to-left&#8221; link=&#8221;https:\/\/afd.com.pl\/index.php\/dom-2-w-lodzi\/&#8221;][\/vc_column][\/vc_row][vc_row][vc_column][vc_column_text]<\/p>\r\n<div class=\"wp-block-ultimate-social-media-plus-sfsi-plus-share-block sfsi_plus_block_wrapper\">\r\n<div class=\"sfsi_plus_block\" data-count=\"5\" data-align=\"center\" data-icon-type=\"round\">&nbsp;<\/div>\r\n<\/div>\r\n<p>[\/vc_column_text][\/vc_column][\/vc_row]<\/p>","protected":false},"excerpt":{"rendered":"<p>[vc_row][vc_column][vc_column_text] Zapraszamy do obejrzenia kilku wybranych projekt\u00f3w zrealizowanych w ostatnimczasie. Zapraszamy do naszej pracowni aby obejrze\u0107 wiele innych pasjonuj\u0105cych realizacji. [\/vc_column_text][\/vc_column][\/vc_row][vc_row][vc_column width=&#8221;1\/2&#8243;][vc_single_image image=&#8221;199&#8243; img_size=&#8221;large&#8221; add_caption=&#8221;yes&#8221; onclick=&#8221;custom_link&#8221; css_animation=&#8221;left-to-right&#8221; link=&#8221;https:\/\/afd.com.pl\/index.php\/dom-w-brzezinach\/&#8221;][vc_single_image image=&#8221;232&#8243; img_size=&#8221;large&#8221; add_caption=&#8221;yes&#8221; onclick=&#8221;custom_link&#8221; css_animation=&#8221;left-to-right&#8221; link=&#8221;https:\/\/afd.com.pl\/index.php\/dom-w-jasieni\/&#8221;][vc_single_image image=&#8221;246&#8243; img_size=&#8221;large&#8221; add_caption=&#8221;yes&#8221; onclick=&#8221;custom_link&#8221; css_animation=&#8221;left-to-right&#8221; link=&#8221;https:\/\/afd.com.pl\/index.php\/307-2\/&#8221;][vc_single_image image=&#8221;374&#8243; img_size=&#8221;large&#8221; add_caption=&#8221;yes&#8221; onclick=&#8221;custom_link&#8221; css_animation=&#8221;left-to-right&#8221; link=&#8221;https:\/\/afd.com.pl\/index.php\/dom-w-warszawie\/&#8221;][\/vc_column][vc_column width=&#8221;1\/2&#8243;][vc_single_image image=&#8221;222&#8243; img_size=&#8221;large&#8221; add_caption=&#8221;yes&#8221; alignment=&#8221;right&#8221; onclick=&#8221;custom_link&#8221; css_animation=&#8221;right-to-left&#8221; link=&#8221;https:\/\/afd.com.pl\/index.php\/dom-w-bukowcu\/&#8221;][vc_single_image image=&#8221;240&#8243; [&hellip;]<\/p>\n","protected":false},"author":1,"featured_media":0,"parent":0,"menu_order":0,"comment_status":"closed","ping_status":"closed","template":"","meta":{"sfsi_plus_gutenberg_text_before_share":"","sfsi_plus_gutenberg_show_text_before_share":"","sfsi_plus_gutenberg_icon_type":"","sfsi_plus_gutenberg_icon_alignemt":"","sfsi_plus_gutenburg_max_per_row":"","_genesis_hide_title":false,"_genesis_hide_breadcrumbs":false,"_genesis_hide_singular_image":false,"_genesis_hide_footer_widgets":false,"_genesis_custom_body_class":"","_genesis_custom_post_class":"","_genesis_layout":"","ngg_post_thumbnail":0},"_links":{"self":[{"href":"https:\/\/afd.com.pl\/index.php\/wp-json\/wp\/v2\/pages\/173"}],"collection":[{"href":"https:\/\/afd.com.pl\/index.php\/wp-json\/wp\/v2\/pages"}],"about":[{"href":"https:\/\/afd.com.pl\/index.php\/wp-json\/wp\/v2\/types\/page"}],"author":[{"embeddable":true,"href":"https:\/\/afd.com.pl\/index.php\/wp-json\/wp\/v2\/users\/1"}],"replies":[{"embeddable":true,"href":"https:\/\/afd.com.pl\/index.php\/wp-json\/wp\/v2\/comments?post=173"}],"version-history":[{"count":17,"href":"https:\/\/afd.com.pl\/index.php\/wp-json\/wp\/v2\/pages\/173\/revisions"}],"predecessor-version":[{"id":522,"href":"https:\/\/afd.com.pl\/index.php\/wp-json\/wp\/v2\/pages\/173\/revisions\/522"}],"wp:attachment":[{"href":"https:\/\/afd.com.pl\/index.php\/wp-json\/wp\/v2\/media?parent=173"}],"curies":[{"name":"wp","href":"https:\/\/api.w.org\/{rel}","templated":true}]}}