{"id":56,"date":"2019-09-08T08:11:19","date_gmt":"2019-09-08T06:11:19","guid":{"rendered":"https:\/\/afd.com.pl\/?page_id=56"},"modified":"2019-10-30T16:38:29","modified_gmt":"2019-10-30T15:38:29","slug":"jak-dzialamy","status":"publish","type":"page","link":"https:\/\/afd.com.pl\/index.php\/jak-dzialamy\/","title":{"rendered":"Jak dzia\u0142amy"},"content":{"rendered":"<p>[vc_row][vc_column width=&#8221;1\/2&#8243;][\/vc_column][\/vc_row][vc_row][vc_column][vc_column_text]<\/p>\n<p style=\"text-align: center;\">5 ETAP\u00d3W MODELOWEGO PROCESU REALIZACJI WYMARZONYCH WN\u0118TRZ<\/p>\n<p>[\/vc_column_text][vc_row_inner][vc_column_inner width=&#8221;1\/2&#8243;][vc_text_separator title=&#8221;ETAP 1&#8243;][vc_column_text]<span lang=\"EN-US\">Marzenia. Potrzeby. Koncepcja. Tutaj si\u0119 wszystko zaczyna a najlepszym momentem na rozpocz\u0119cie wsp\u00f3\u0142pracy z projektantem jest etap wylewania fundament<\/span><span lang=\"ES-TRAD\">\u00f3<\/span><span lang=\"EN-US\">w. Mo\u017cemy wtedy bez przeszk<\/span><span lang=\"ES-TRAD\">\u00f3<\/span><span lang=\"EN-US\">d i bez dodatkowych koszt<\/span><span lang=\"ES-TRAD\">\u00f3<\/span><span lang=\"EN-US\">w edytowa\u0107 istniej\u0105cy projekt budowlany pod k\u0105<\/span><span lang=\"PT\">tem <\/span><span lang=\"EN-US\">potrzeb przestrzennych i funkcjonalnych. Mo\u017cemy zmienia\u0107 <\/span><span lang=\"IT\">geometri<\/span><span lang=\"EN-US\">\u0119 \u015bcian, przesuwa\u0107 piony wodno-kanalizacyjne, zmienia\u0107 otwory drzwiowe i okienne. Wszystko po to by stworzy\u0107 projekt jak najlepiej uwzgl\u0119dniaj\u0105cy potrzeby i marzenia klienta. A je\u015bli do realizacji marze\u0144 i projektu brakuje finans\u00f3w jeste\u015bmy w stanie tak\u017ce pom\u00f3c w przygotowaniu i organizacji kredyt\u00f3w hipotecznych.<\/span>[\/vc_column_text][\/vc_column_inner][vc_column_inner width=&#8221;1\/2&#8243;][vc_single_image image=&#8221;389&#8243; img_size=&#8221;large&#8221; alignment=&#8221;right&#8221; style=&#8221;vc_box_outline_circle_2&#8243; border_color=&#8221;black&#8221;][\/vc_column_inner][\/vc_row_inner][vc_row_inner][vc_column_inner width=&#8221;1\/2&#8243;][vc_text_separator title=&#8221;ETAP 2&#8243;][vc_column_text]<span lang=\"EN-US\">Inwentaryzacja. Rysunki. Szkice. Opracowuj\u0105c projekty, bazujemy na w\u0142asnych oraz istniej\u0105cych ju\u017c dla obiektu inwentaryzacjach czy pomiarach. Nie ob\u0119dzie si\u0119 bez ogl\u0119dzin i wizyty na planie. Ka\u017cdy budynek, lokal czy pomieszczenie posiada swoje unikalne cechy, do kt<\/span><span lang=\"ES-TRAD\">\u00f3<\/span><span lang=\"EN-US\">rych trzeba si\u0119 ~ powinno si\u0119 dostosowa\u0107, je\u015bli chcemy m<\/span><span lang=\"ES-TRAD\">\u00f3<\/span><span lang=\"EN-US\">wi\u0107 o dobrze zaprojektowanym wn\u0119trzu, pasuj\u0105cym do mieszka\u0144c\u00f3w, otoczenia czy nawet do atmosfery miasta. To i\u015bcie techniczny etap i w\u0105tek naszej wsp\u00f3\u0142pracy ale arcywa\u017cny i potrzebny<\/span>[\/vc_column_text][\/vc_column_inner][vc_column_inner width=&#8221;1\/2&#8243;][vc_single_image image=&#8221;400&#8243; img_size=&#8221;large&#8221; alignment=&#8221;right&#8221; style=&#8221;vc_box_outline_circle_2&#8243; border_color=&#8221;black&#8221;][\/vc_column_inner][\/vc_row_inner][vc_row_inner][vc_column_inner width=&#8221;1\/2&#8243;][vc_text_separator title=&#8221;ETAP 3&#8243;][vc_column_text]<span lang=\"EN-US\">Modelowanie 3D. Co\u015b co tygrysy lubi\u0105 najbardziej. Zinwentaryzowan\u0105 przestrze\u0144 potrzebujemy przenie\u015b\u0107 do warunk\u00f3w tr\u00f3jwymiaru i komputerowego ogl\u0105du, st\u0105d tzw okres \u201emodelowania przestrzeni\u201d jak\u0105 b\u0119dziemy ubiera\u0107 w projekt.<br>Przy wykonywaniu modelu 3D dok\u0142adamy wszelkich stara\u0144, by u\u017cywa\u0107 materia\u0142\u00f3w, mebli i detali zgodnych z rzeczywistymi elementami dost\u0119pnymi na rynku, tak aby Pa\u0144stwo mogli poczu\u0107 atmosfer\u0119 projektowanego wn\u0119trza i jak najwierniej zobrazowa\u0107 sobie w nim w\u0142asn\u0105 przysz\u0142o\u015b\u0107.<\/span>[\/vc_column_text][\/vc_column_inner][vc_column_inner width=&#8221;1\/2&#8243;][vc_single_image image=&#8221;402&#8243; img_size=&#8221;large&#8221; alignment=&#8221;right&#8221; style=&#8221;vc_box_outline_circle_2&#8243; border_color=&#8221;black&#8221;][\/vc_column_inner][\/vc_row_inner][vc_row_inner][vc_column_inner width=&#8221;1\/2&#8243;][vc_text_separator title=&#8221;ETAP 4&#8243;][vc_column_text]<span lang=\"EN-US\">Po zaakceptowaniu projektu w tr\u00f3jwymiarze, przyst\u0119pujemy do wykonania fotorealistycznych wizualizacji, kt\u00f3re s\u0142u\u017c\u0105 upewnieniu si\u0119, \u017ce projekt spe\u0142nia wszelkie za\u0142o\u017cone wymagania funkcjonalne, ergonomiczne i estetyczne.<br>Wizualizacja jest fotorealistycznym przedstawieniem projektowanego pomieszczenia \u2013 do\u015bwiadczeni graficy pomagaj\u0105 nam pokaza\u0107 Pa\u0144stwu, jak b\u0119dzie wygl\u0105da\u0107 projektowana Pa\u0144stwa przestrze\u0144 ju\u017c niebawem.<br>Najbardziej kreatywny i kolorowy etap projektowania przestrzeni<\/span>.[\/vc_column_text][\/vc_column_inner][vc_column_inner width=&#8221;1\/2&#8243;][vc_single_image image=&#8221;406&#8243; img_size=&#8221;large&#8221; alignment=&#8221;right&#8221; style=&#8221;vc_box_outline_circle_2&#8243; border_color=&#8221;black&#8221;][\/vc_column_inner][\/vc_row_inner][vc_row_inner][vc_column_inner width=&#8221;1\/2&#8243;][vc_text_separator title=&#8221;ETAP 5&#8243;][vc_column_text]<span lang=\"EN-US\">Ostatni etap to wykre\u015blenie wszelkich rysunk\u00f3w wykonawczych oraz przygotowanie specyfikacji materia\u0142owej dla klienta.<br>Dostarczamy wszystkie niezb\u0119dne techniczne kwestie i rysunki budowlane, potrzebne do wykonania i realizacji projektu. Opracowywujemy wykaz zaimplemntowanych w projekt materia\u0142\u00f3w, mebli, artyku\u0142\u00f3w wyposa\u017cenia wn\u0119trz, dekoracji a tak\u017ce wyceny od wsp\u00f3\u0142pracuj\u0105cych z nami ekip wyko\u0144czeniowych, stolarskich i instalacyjnych.<br>Tutaj tak\u017ce pijemy szampana na parapet\u00f3wce i cieszymy si\u0119 z wzajemnej wsp\u00f3\u0142pracy.<\/span>[\/vc_column_text][\/vc_column_inner][vc_column_inner width=&#8221;1\/2&#8243;][vc_single_image image=&#8221;410&#8243; img_size=&#8221;large&#8221; alignment=&#8221;right&#8221; style=&#8221;vc_box_outline_circle_2&#8243; border_color=&#8221;black&#8221;][\/vc_column_inner][\/vc_row_inner][\/vc_column][\/vc_row]<\/p>\n\n\n<div class=\"wp-block-ultimate-social-media-plus-sfsi-plus-share-block sfsi_plus_block_wrapper\">\n\t\n<div class=\"sfsi_plus_block\" data-count=\"5\" data-align=\"center\" data-icon-type=\"round\"><\/div>\n\t<\/div>\n","protected":false},"excerpt":{"rendered":"<p>[vc_row][vc_column width=&#8221;1\/2&#8243;][\/vc_column][\/vc_row][vc_row][vc_column][vc_column_text] 5 ETAP\u00d3W MODELOWEGO PROCESU REALIZACJI WYMARZONYCH WN\u0118TRZ [\/vc_column_text][vc_row_inner][vc_column_inner width=&#8221;1\/2&#8243;][vc_text_separator title=&#8221;ETAP 1&#8243;][vc_column_text]Marzenia. Potrzeby. Koncepcja. Tutaj si\u0119 wszystko zaczyna a najlepszym momentem na rozpocz\u0119cie wsp\u00f3\u0142pracy z projektantem jest etap wylewania fundament\u00f3w. Mo\u017cemy wtedy bez przeszk\u00f3d i bez dodatkowych koszt\u00f3w edytowa\u0107 istniej\u0105cy projekt budowlany pod k\u0105tem potrzeb przestrzennych i funkcjonalnych. Mo\u017cemy zmienia\u0107 geometri\u0119 \u015bcian, przesuwa\u0107 piony [&hellip;]<\/p>\n","protected":false},"author":1,"featured_media":0,"parent":0,"menu_order":0,"comment_status":"closed","ping_status":"closed","template":"","meta":{"sfsi_plus_gutenberg_text_before_share":"","sfsi_plus_gutenberg_show_text_before_share":"","sfsi_plus_gutenberg_icon_type":"","sfsi_plus_gutenberg_icon_alignemt":"","sfsi_plus_gutenburg_max_per_row":"","_genesis_hide_title":false,"_genesis_hide_breadcrumbs":false,"_genesis_hide_singular_image":false,"_genesis_hide_footer_widgets":false,"_genesis_custom_body_class":"","_genesis_custom_post_class":"","_genesis_layout":"","ngg_post_thumbnail":0},"_links":{"self":[{"href":"https:\/\/afd.com.pl\/index.php\/wp-json\/wp\/v2\/pages\/56"}],"collection":[{"href":"https:\/\/afd.com.pl\/index.php\/wp-json\/wp\/v2\/pages"}],"about":[{"href":"https:\/\/afd.com.pl\/index.php\/wp-json\/wp\/v2\/types\/page"}],"author":[{"embeddable":true,"href":"https:\/\/afd.com.pl\/index.php\/wp-json\/wp\/v2\/users\/1"}],"replies":[{"embeddable":true,"href":"https:\/\/afd.com.pl\/index.php\/wp-json\/wp\/v2\/comments?post=56"}],"version-history":[{"count":26,"href":"https:\/\/afd.com.pl\/index.php\/wp-json\/wp\/v2\/pages\/56\/revisions"}],"predecessor-version":[{"id":464,"href":"https:\/\/afd.com.pl\/index.php\/wp-json\/wp\/v2\/pages\/56\/revisions\/464"}],"wp:attachment":[{"href":"https:\/\/afd.com.pl\/index.php\/wp-json\/wp\/v2\/media?parent=56"}],"curies":[{"name":"wp","href":"https:\/\/api.w.org\/{rel}","templated":true}]}}